{"id":750,"date":"2021-12-14T13:37:21","date_gmt":"2021-12-14T12:37:21","guid":{"rendered":"https:\/\/ds4u.pl\/?page_id=750"},"modified":"2021-12-14T13:46:39","modified_gmt":"2021-12-14T12:46:39","slug":"polityka-prywatnosci","status":"publish","type":"page","link":"https:\/\/ds4u.pl\/?page_id=750","title":{"rendered":"Polityka prywatno\u015bci"},"content":{"rendered":"\t\t<div data-elementor-type=\"wp-page\" data-elementor-id=\"750\" class=\"elementor elementor-750\" data-elementor-settings=\"[]\">\n\t\t\t\t\t\t\t<div class=\"elementor-section-wrap\">\n\t\t\t\t\t\t\t<section class=\"elementor-section elementor-top-section elementor-element elementor-element-e25c5b2 elementor-section-boxed elementor-section-height-default elementor-section-height-default\" data-id=\"e25c5b2\" data-element_type=\"section\">\n\t\t\t\t\t\t<div class=\"elementor-container elementor-column-gap-default\">\n\t\t\t\t\t<div class=\"elementor-column elementor-col-100 elementor-top-column elementor-element elementor-element-b2087e9\" data-id=\"b2087e9\" data-element_type=\"column\">\n\t\t\t<div class=\"elementor-widget-wrap elementor-element-populated\">\n\t\t\t\t\t\t\t\t<div class=\"elementor-element elementor-element-c3ac252 elementor-widget elementor-widget-text-editor\" data-id=\"c3ac252\" data-element_type=\"widget\" data-widget_type=\"text-editor.default\">\n\t\t\t\t<div class=\"elementor-widget-container\">\n\t\t\t\t\t\t\t<p>Strona wykorzystuje pliki cookies m.in. w celu poprawienia jej dost\u0119pno\u015bci, personalizacji, obs\u0142ugi<br \/>kont u\u017cytkownik\u00f3w czy aby zbiera\u0107 dane, dotycz\u0105ce ruchu na stronie. Ka\u017cdy mo\u017ce sam decydowa\u0107 o<br \/>tym czy dopuszcza pliki cookies, ustawiaj\u0105c odpowiednio swoj\u0105 przegl\u0105dark\u0119.<\/p><h2>Kim jeste\u015bmy<\/h2><p>Adres naszej strony internetowej to: https:\/\/ds4u.pl.<\/p><h2>Osadzone tre\u015bci z innych witryn<\/h2><p><strong class=\"privacy-policy-tutorial\">\u00a0<\/strong>Artyku\u0142y na tej witrynie mog\u0105 zawiera\u0107 osadzone tre\u015bci (np. filmy, obrazki, artyku\u0142y itp.). Osadzone tre\u015bci z innych witryn zachowuj\u0105 si\u0119 analogicznie do tego, jakby u\u017cytkownik odwiedzi\u0142 bezpo\u015brednio konkretn\u0105 witryn\u0119.<\/p><p>Witryny mog\u0105 zbiera\u0107 informacje o tobie, u\u017cywa\u0107 ciasteczek, do\u0142\u0105cza\u0107 dodatkowe, zewn\u0119trzne systemy \u015bledzenia i monitorowa\u0107 twoje interakcje z osadzonym materia\u0142em, w\u0142\u0105czaj\u0105c w to \u015bledzenie twoich interakcji z osadzonym materia\u0142em je\u015bli posiadasz konto i jeste\u015b zalogowany w tamtej witrynie.<\/p>\t\t\t\t\t\t<\/div>\n\t\t\t\t<\/div>\n\t\t\t\t\t<\/div>\n\t\t<\/div>\n\t\t\t\t\t\t\t<\/div>\n\t\t<\/section>\n\t\t\t\t\t\t<\/div>\n\t\t\t\t\t<\/div>\n\t\t","protected":false},"excerpt":{"rendered":"<p>Strona wykorzystuje pliki cookies m.in. w celu poprawienia jej dost\u0119pno\u015bci, personalizacji, obs\u0142ugi kont u\u017cytkownik\u00f3w czy aby zbiera\u0107 dane, dotycz\u0105ce ruchu na stronie. Ka\u017cdy mo\u017ce sam decydowa\u0107 o tym czy dopuszcza pliki cookies, ustawiaj\u0105c odpowiednio swoj\u0105 przegl\u0105dark\u0119. Kim jeste\u015bmy Adres naszej strony internetowej to: https:\/\/ds4u.pl. Osadzone tre\u015bci z innych witryn &nbsp;Artyku\u0142y na tej witrynie mog\u0105 zawiera\u0107<a class=\"more-link\" href=\"https:\/\/ds4u.pl\/?page_id=750\">Read more  &#10230;<\/a><\/p>\n","protected":false},"author":1,"featured_media":0,"parent":0,"menu_order":0,"comment_status":"closed","ping_status":"closed","template":"","meta":{"footnotes":""},"class_list":["post-750","page","type-page","status-publish","hentry"],"yoast_head":"<!-- This site is optimized with the Yoast SEO plugin v16.2 - https:\/\/yoast.com\/wordpress\/plugins\/seo\/ -->\n<title>Polityka prywatno\u015bci - DS4U DS4U<\/title>\n<meta name=\"description\" content=\"Polityka prywatno\u015bci DS4U\" \/>\n<meta name=\"robots\" content=\"index, follow, max-snippet:-1, max-image-preview:large, max-video-preview:-1\" \/>\n<link rel=\"canonical\" href=\"https:\/\/ds4u.pl\/?page_id=750\" \/>\n<meta property=\"og:locale\" content=\"pl_PL\" \/>\n<meta property=\"og:type\" content=\"article\" \/>\n<meta property=\"og:title\" content=\"Polityka prywatno\u015bci - DS4U DS4U\" \/>\n<meta property=\"og:description\" content=\"Polityka prywatno\u015bci DS4U\" \/>\n<meta property=\"og:url\" content=\"https:\/\/ds4u.pl\/?page_id=750\" \/>\n<meta property=\"og:site_name\" content=\"DS4U\" \/>\n<meta property=\"article:modified_time\" content=\"2021-12-14T12:46:39+00:00\" \/>\n<meta name=\"twitter:card\" content=\"summary_large_image\" \/>\n<meta name=\"twitter:label1\" content=\"Szacowany czas czytania\">\n\t<meta name=\"twitter:data1\" content=\"1 minuta\">\n<script type=\"application\/ld+json\" class=\"yoast-schema-graph\">{\"@context\":\"https:\/\/schema.org\",\"@graph\":[{\"@type\":\"WebSite\",\"@id\":\"https:\/\/ds4u.pl\/#website\",\"url\":\"https:\/\/ds4u.pl\/\",\"name\":\"DS4U\",\"description\":\"\",\"potentialAction\":[{\"@type\":\"SearchAction\",\"target\":\"https:\/\/ds4u.pl\/?s={search_term_string}\",\"query-input\":\"required name=search_term_string\"}],\"inLanguage\":\"pl-PL\"},{\"@type\":\"WebPage\",\"@id\":\"https:\/\/ds4u.pl\/?page_id=750#webpage\",\"url\":\"https:\/\/ds4u.pl\/?page_id=750\",\"name\":\"Polityka prywatno\\u015bci - DS4U DS4U\",\"isPartOf\":{\"@id\":\"https:\/\/ds4u.pl\/#website\"},\"datePublished\":\"2021-12-14T12:37:21+00:00\",\"dateModified\":\"2021-12-14T12:46:39+00:00\",\"description\":\"Polityka prywatno\\u015bci DS4U\",\"breadcrumb\":{\"@id\":\"https:\/\/ds4u.pl\/?page_id=750#breadcrumb\"},\"inLanguage\":\"pl-PL\",\"potentialAction\":[{\"@type\":\"ReadAction\",\"target\":[\"https:\/\/ds4u.pl\/?page_id=750\"]}]},{\"@type\":\"BreadcrumbList\",\"@id\":\"https:\/\/ds4u.pl\/?page_id=750#breadcrumb\",\"itemListElement\":[{\"@type\":\"ListItem\",\"position\":1,\"item\":{\"@type\":\"WebPage\",\"@id\":\"https:\/\/ds4u.pl\/\",\"url\":\"https:\/\/ds4u.pl\/\",\"name\":\"Home\"}},{\"@type\":\"ListItem\",\"position\":2,\"item\":{\"@id\":\"https:\/\/ds4u.pl\/?page_id=750#webpage\"}}]}]}<\/script>\n<!-- \/ Yoast SEO plugin. -->","_links":{"self":[{"href":"https:\/\/ds4u.pl\/index.php?rest_route=\/wp\/v2\/pages\/750","targetHints":{"allow":["GET"]}}],"collection":[{"href":"https:\/\/ds4u.pl\/index.php?rest_route=\/wp\/v2\/pages"}],"about":[{"href":"https:\/\/ds4u.pl\/index.php?rest_route=\/wp\/v2\/types\/page"}],"author":[{"embeddable":true,"href":"https:\/\/ds4u.pl\/index.php?rest_route=\/wp\/v2\/users\/1"}],"replies":[{"embeddable":true,"href":"https:\/\/ds4u.pl\/index.php?rest_route=%2Fwp%2Fv2%2Fcomments&post=750"}],"version-history":[{"count":13,"href":"https:\/\/ds4u.pl\/index.php?rest_route=\/wp\/v2\/pages\/750\/revisions"}],"predecessor-version":[{"id":765,"href":"https:\/\/ds4u.pl\/index.php?rest_route=\/wp\/v2\/pages\/750\/revisions\/765"}],"wp:attachment":[{"href":"https:\/\/ds4u.pl\/index.php?rest_route=%2Fwp%2Fv2%2Fmedia&parent=750"}],"curies":[{"name":"wp","href":"https:\/\/api.w.org\/{rel}","templated":true}]}}