{"id":60,"date":"2021-05-13T22:55:21","date_gmt":"2021-05-13T20:55:21","guid":{"rendered":"http:\/\/ds4u.pl\/?page_id=60"},"modified":"2021-09-22T17:48:24","modified_gmt":"2021-09-22T15:48:24","slug":"ds-for-you","status":"publish","type":"page","link":"https:\/\/ds4u.pl\/","title":{"rendered":"DS FOR YOU"},"content":{"rendered":"\t\t<div data-elementor-type=\"wp-page\" data-elementor-id=\"60\" class=\"elementor elementor-60\" data-elementor-settings=\"[]\">\n\t\t\t\t\t\t\t<div class=\"elementor-section-wrap\">\n\t\t\t\t\t\t\t<section class=\"elementor-section elementor-top-section elementor-element elementor-element-0757afe elementor-section-boxed elementor-section-height-default elementor-section-height-default\" data-id=\"0757afe\" data-element_type=\"section\">\n\t\t\t\t\t\t<div class=\"elementor-container elementor-column-gap-default\">\n\t\t\t\t\t<div class=\"elementor-column elementor-col-100 elementor-top-column elementor-element elementor-element-c06d93c elementor-invisible\" data-id=\"c06d93c\" data-element_type=\"column\" data-settings=\"{&quot;background_background&quot;:&quot;classic&quot;,&quot;animation&quot;:&quot;slideInDown&quot;}\">\n\t\t\t<div class=\"elementor-widget-wrap elementor-element-populated\">\n\t\t\t\t\t\t\t\t<div class=\"elementor-element elementor-element-11ef3b3 elementor-widget__width-inherit elementor-widget elementor-widget-image\" data-id=\"11ef3b3\" data-element_type=\"widget\" data-widget_type=\"image.default\">\n\t\t\t\t<div class=\"elementor-widget-container\">\n\t\t\t\t\t\t\t\t\t\t\t\t\t\t\t<img loading=\"lazy\" decoding=\"async\" width=\"540\" height=\"358\" src=\"https:\/\/ds4u.pl\/wp-content\/uploads\/2021\/05\/3H21KUXVT4.jpg\" class=\"attachment-proteo-blog-loop-image size-proteo-blog-loop-image\" alt=\"\" srcset=\"https:\/\/ds4u.pl\/wp-content\/uploads\/2021\/05\/3H21KUXVT4.jpg 1200w, https:\/\/ds4u.pl\/wp-content\/uploads\/2021\/05\/3H21KUXVT4-300x199.jpg 300w, https:\/\/ds4u.pl\/wp-content\/uploads\/2021\/05\/3H21KUXVT4-1024x678.jpg 1024w, https:\/\/ds4u.pl\/wp-content\/uploads\/2021\/05\/3H21KUXVT4-768x509.jpg 768w\" sizes=\"auto, (max-width: 540px) 100vw, 540px\" \/>\t\t\t\t\t\t\t\t\t\t\t\t\t\t\t<\/div>\n\t\t\t\t<\/div>\n\t\t\t\t\t<\/div>\n\t\t<\/div>\n\t\t\t\t\t\t\t<\/div>\n\t\t<\/section>\n\t\t\t\t<section class=\"elementor-section elementor-top-section elementor-element elementor-element-8249c65 elementor-section-boxed elementor-section-height-default elementor-section-height-default\" data-id=\"8249c65\" data-element_type=\"section\">\n\t\t\t\t\t\t<div class=\"elementor-container elementor-column-gap-default\">\n\t\t\t\t\t<div class=\"elementor-column elementor-col-25 elementor-top-column elementor-element elementor-element-2e23b12\" data-id=\"2e23b12\" data-element_type=\"column\">\n\t\t\t<div class=\"elementor-widget-wrap\">\n\t\t\t\t\t\t\t\t\t<\/div>\n\t\t<\/div>\n\t\t\t\t<div class=\"elementor-column elementor-col-25 elementor-top-column elementor-element elementor-element-721cb1b\" data-id=\"721cb1b\" data-element_type=\"column\">\n\t\t\t<div class=\"elementor-widget-wrap elementor-element-populated\">\n\t\t\t\t\t\t\t\t<div class=\"elementor-element elementor-element-b66c517 elementor-invisible elementor-widget elementor-widget-heading\" data-id=\"b66c517\" data-element_type=\"widget\" data-settings=\"{&quot;_animation&quot;:&quot;zoomIn&quot;}\" data-widget_type=\"heading.default\">\n\t\t\t\t<div class=\"elementor-widget-container\">\n\t\t\t<h2 class=\"elementor-heading-title elementor-size-default\">O nas <\/h2>\t\t<\/div>\n\t\t\t\t<\/div>\n\t\t\t\t\t<\/div>\n\t\t<\/div>\n\t\t\t\t<div class=\"elementor-column elementor-col-50 elementor-top-column elementor-element elementor-element-db46610\" data-id=\"db46610\" data-element_type=\"column\">\n\t\t\t<div class=\"elementor-widget-wrap elementor-element-populated\">\n\t\t\t\t\t\t\t\t<div class=\"elementor-element elementor-element-e9d192e elementor-widget elementor-widget-text-editor\" data-id=\"e9d192e\" data-element_type=\"widget\" data-widget_type=\"text-editor.default\">\n\t\t\t\t<div class=\"elementor-widget-container\">\n\t\t\t\t\t\t\t<p style=\"text-align: center;\"><span style=\"color: #000000;\">Posiadamy ponad 20 lat do\u015bwiadczenia na rynku.\u00a0 <\/span><\/p><p style=\"text-align: center;\"><span style=\"color: #000000;\">Cechuje nas oryginalno\u015b\u0107, nieszablonowo\u015b\u0107 i profesjonalizm.<\/span><span style=\"color: #000000;\"> Wykonujemy znakowanie\u00a0 logo na ka\u017cdym materiale. <\/span><span style=\"color: #000000;\">Znajdziemy dla Ciebie produkt, kt\u00f3ry wyr\u00f3\u017cni Twoj\u0105 kampani\u0119 reklamow\u0105.<\/span><\/p>\t\t\t\t\t\t<\/div>\n\t\t\t\t<\/div>\n\t\t\t\t\t<\/div>\n\t\t<\/div>\n\t\t\t\t\t\t\t<\/div>\n\t\t<\/section>\n\t\t\t\t<section class=\"elementor-section elementor-top-section elementor-element elementor-element-844f74c elementor-section-boxed elementor-section-height-default elementor-section-height-default\" data-id=\"844f74c\" data-element_type=\"section\">\n\t\t\t\t\t\t<div class=\"elementor-container elementor-column-gap-default\">\n\t\t\t\t\t<div class=\"elementor-column elementor-col-25 elementor-top-column elementor-element elementor-element-225858c\" data-id=\"225858c\" data-element_type=\"column\">\n\t\t\t<div class=\"elementor-widget-wrap\">\n\t\t\t\t\t\t\t\t\t<\/div>\n\t\t<\/div>\n\t\t\t\t<div class=\"elementor-column elementor-col-25 elementor-top-column elementor-element elementor-element-ac9a0e1\" data-id=\"ac9a0e1\" data-element_type=\"column\">\n\t\t\t<div class=\"elementor-widget-wrap elementor-element-populated\">\n\t\t\t\t\t\t\t\t<div class=\"elementor-element elementor-element-d5c1804 elementor-invisible elementor-widget elementor-widget-heading\" data-id=\"d5c1804\" data-element_type=\"widget\" data-settings=\"{&quot;_animation&quot;:&quot;zoomIn&quot;}\" data-widget_type=\"heading.default\">\n\t\t\t\t<div class=\"elementor-widget-container\">\n\t\t\t<h3 class=\"elementor-heading-title elementor-size-default\">Atuty pracy z nami <\/h3>\t\t<\/div>\n\t\t\t\t<\/div>\n\t\t\t\t\t<\/div>\n\t\t<\/div>\n\t\t\t\t<div class=\"elementor-column elementor-col-50 elementor-top-column elementor-element elementor-element-dc1884a\" data-id=\"dc1884a\" data-element_type=\"column\">\n\t\t\t<div class=\"elementor-widget-wrap elementor-element-populated\">\n\t\t\t\t\t\t\t\t<div class=\"elementor-element elementor-element-a92bd8c elementor-widget elementor-widget-text-editor\" data-id=\"a92bd8c\" data-element_type=\"widget\" data-widget_type=\"text-editor.default\">\n\t\t\t\t<div class=\"elementor-widget-container\">\n\t\t\t\t\t\t\t<ul><li>Oferujemy produkty<strong> JBL,<\/strong> <strong>MI<\/strong>, <strong>4F<\/strong><strong>, Malfini <\/strong>i wielu innych\u00a0 producent\u00f3w<\/li><li><span style=\"color: #000000;\">Specjalizujemy si\u0119 w gad\u017cetach stworzonych od podstaw, wed\u0142ug indywidualnego projektu.<\/span><\/li><li><span style=\"color: #000000;\">Pracujemy oparciu o\u00a0wieloletnie do\u015bwiadczenie<\/span><\/li><li><span style=\"color: #000000;\">Twoj pomys\u0142 nasza realizacja\u00a0<\/span><\/li><li><span style=\"color: #000000;\">Dost\u0119p do szerokiej gamy produkt\u00f3w w najlepszej jako\u015bci\u00a0<\/span><\/li><li><span style=\"color: #000000;\">Osobi\u015bcie nadzorujemy prac\u0119 od projektu po wysy\u0142k\u0119 docelow\u0105\u00a0<\/span><\/li><\/ul>\t\t\t\t\t\t<\/div>\n\t\t\t\t<\/div>\n\t\t\t\t\t<\/div>\n\t\t<\/div>\n\t\t\t\t\t\t\t<\/div>\n\t\t<\/section>\n\t\t\t\t\t\t<\/div>\n\t\t\t\t\t<\/div>\n\t\t","protected":false},"excerpt":{"rendered":"<p>O nas Posiadamy ponad 20 lat do\u015bwiadczenia na rynku.\u00a0 Cechuje nas oryginalno\u015b\u0107, nieszablonowo\u015b\u0107 i profesjonalizm. Wykonujemy znakowanie\u00a0 logo na ka\u017cdym materiale. Znajdziemy dla Ciebie produkt, kt\u00f3ry wyr\u00f3\u017cni Twoj\u0105 kampani\u0119 reklamow\u0105. Atuty pracy z nami Oferujemy produkty JBL, MI, 4F, Malfini i wielu innych\u00a0 producent\u00f3w Specjalizujemy si\u0119 w gad\u017cetach stworzonych od podstaw, wed\u0142ug indywidualnego projektu. Pracujemy<a class=\"more-link\" href=\"https:\/\/ds4u.pl\/\">Read more  &#10230;<\/a><\/p>\n","protected":false},"author":1,"featured_media":0,"parent":0,"menu_order":0,"comment_status":"closed","ping_status":"closed","template":"","meta":{"footnotes":""},"class_list":["post-60","page","type-page","status-publish","hentry"],"yoast_head":"<!-- This site is optimized with the Yoast SEO plugin v16.2 - https:\/\/yoast.com\/wordpress\/plugins\/seo\/ -->\n<title>DS FOR YOU - DS4U<\/title>\n<meta name=\"robots\" content=\"index, follow, max-snippet:-1, max-image-preview:large, max-video-preview:-1\" \/>\n<link rel=\"canonical\" href=\"https:\/\/ds4u.pl\/\" \/>\n<meta property=\"og:locale\" content=\"pl_PL\" \/>\n<meta property=\"og:type\" content=\"article\" \/>\n<meta property=\"og:title\" content=\"DS FOR YOU - DS4U\" \/>\n<meta property=\"og:description\" content=\"O nas Posiadamy ponad 20 lat do\u015bwiadczenia na rynku.\u00a0 Cechuje nas oryginalno\u015b\u0107, nieszablonowo\u015b\u0107 i profesjonalizm. Wykonujemy znakowanie\u00a0 logo na ka\u017cdym materiale. Znajdziemy dla Ciebie produkt, kt\u00f3ry wyr\u00f3\u017cni Twoj\u0105 kampani\u0119 reklamow\u0105. Atuty pracy z nami Oferujemy produkty JBL, MI, 4F, Malfini i wielu innych\u00a0 producent\u00f3w Specjalizujemy si\u0119 w gad\u017cetach stworzonych od podstaw, wed\u0142ug indywidualnego projektu. PracujemyRead more &#10230;\" \/>\n<meta property=\"og:url\" content=\"https:\/\/ds4u.pl\/\" \/>\n<meta property=\"og:site_name\" content=\"DS4U\" \/>\n<meta property=\"article:modified_time\" content=\"2021-09-22T15:48:24+00:00\" \/>\n<meta property=\"og:image\" content=\"https:\/\/ds4u.pl\/wp-content\/uploads\/2021\/05\/3H21KUXVT4.jpg\" \/>\n<meta name=\"twitter:card\" content=\"summary_large_image\" \/>\n<meta name=\"twitter:label1\" content=\"Szacowany czas czytania\">\n\t<meta name=\"twitter:data1\" content=\"1 minuta\">\n<script type=\"application\/ld+json\" class=\"yoast-schema-graph\">{\"@context\":\"https:\/\/schema.org\",\"@graph\":[{\"@type\":\"WebSite\",\"@id\":\"https:\/\/ds4u.pl\/#website\",\"url\":\"https:\/\/ds4u.pl\/\",\"name\":\"DS4U\",\"description\":\"\",\"potentialAction\":[{\"@type\":\"SearchAction\",\"target\":\"https:\/\/ds4u.pl\/?s={search_term_string}\",\"query-input\":\"required name=search_term_string\"}],\"inLanguage\":\"pl-PL\"},{\"@type\":\"ImageObject\",\"@id\":\"https:\/\/ds4u.pl\/#primaryimage\",\"inLanguage\":\"pl-PL\",\"url\":\"https:\/\/ds4u.pl\/wp-content\/uploads\/2021\/05\/3H21KUXVT4.jpg\",\"contentUrl\":\"https:\/\/ds4u.pl\/wp-content\/uploads\/2021\/05\/3H21KUXVT4.jpg\",\"width\":1200,\"height\":795},{\"@type\":\"WebPage\",\"@id\":\"https:\/\/ds4u.pl\/#webpage\",\"url\":\"https:\/\/ds4u.pl\/\",\"name\":\"DS FOR YOU - DS4U\",\"isPartOf\":{\"@id\":\"https:\/\/ds4u.pl\/#website\"},\"primaryImageOfPage\":{\"@id\":\"https:\/\/ds4u.pl\/#primaryimage\"},\"datePublished\":\"2021-05-13T20:55:21+00:00\",\"dateModified\":\"2021-09-22T15:48:24+00:00\",\"breadcrumb\":{\"@id\":\"https:\/\/ds4u.pl\/#breadcrumb\"},\"inLanguage\":\"pl-PL\",\"potentialAction\":[{\"@type\":\"ReadAction\",\"target\":[\"https:\/\/ds4u.pl\/\"]}]},{\"@type\":\"BreadcrumbList\",\"@id\":\"https:\/\/ds4u.pl\/#breadcrumb\",\"itemListElement\":[{\"@type\":\"ListItem\",\"position\":1,\"item\":{\"@type\":\"WebPage\",\"@id\":\"https:\/\/ds4u.pl\/\",\"url\":\"https:\/\/ds4u.pl\/\",\"name\":\"Home\"}},{\"@type\":\"ListItem\",\"position\":2,\"item\":{\"@id\":\"https:\/\/ds4u.pl\/#webpage\"}}]}]}<\/script>\n<!-- \/ Yoast SEO plugin. -->","_links":{"self":[{"href":"https:\/\/ds4u.pl\/index.php?rest_route=\/wp\/v2\/pages\/60","targetHints":{"allow":["GET"]}}],"collection":[{"href":"https:\/\/ds4u.pl\/index.php?rest_route=\/wp\/v2\/pages"}],"about":[{"href":"https:\/\/ds4u.pl\/index.php?rest_route=\/wp\/v2\/types\/page"}],"author":[{"embeddable":true,"href":"https:\/\/ds4u.pl\/index.php?rest_route=\/wp\/v2\/users\/1"}],"replies":[{"embeddable":true,"href":"https:\/\/ds4u.pl\/index.php?rest_route=%2Fwp%2Fv2%2Fcomments&post=60"}],"version-history":[{"count":135,"href":"https:\/\/ds4u.pl\/index.php?rest_route=\/wp\/v2\/pages\/60\/revisions"}],"predecessor-version":[{"id":663,"href":"https:\/\/ds4u.pl\/index.php?rest_route=\/wp\/v2\/pages\/60\/revisions\/663"}],"wp:attachment":[{"href":"https:\/\/ds4u.pl\/index.php?rest_route=%2Fwp%2Fv2%2Fmedia&parent=60"}],"curies":[{"name":"wp","href":"https:\/\/api.w.org\/{rel}","templated":true}]}}